{"id":29315,"date":"2024-05-21T13:48:59","date_gmt":"2024-05-21T11:48:59","guid":{"rendered":"https:\/\/vvrp.ch\/?post_type=product&#038;p=29315"},"modified":"2024-05-27T21:47:41","modified_gmt":"2024-05-27T19:47:41","slug":"kit-de-joints-complet-yamaha-yz-125-cc-1981-joints-dhuile-non-inclus","status":"publish","type":"product","link":"https:\/\/vvrp.ch\/en\/product\/kit-de-joints-complet-yamaha-yz-125-cc-1981-joints-dhuile-non-inclus\/","title":{"rendered":"Kit de joints complet YAMAHA YZ 125 cc 1981  (joints d\u2019huile non inclus)"},"content":{"rendered":"<p>Vvrp , vous propose les joints Athena , la plus large gamme de joints moteur de remplacement disponibles sur le march\u00e9, avec plus de 40 ans d\u2019exp\u00e9rience dans le domaine.<\/p>\n<p>Les kits de joints d\u2019Athena sont enti\u00e8rement con\u00e7us en Italie avec une solide base de savoir-faire interne. Chaque pi\u00e8ce est produite selon des param\u00e8tres stricts impos\u00e9s par les fabricants et l\u2019utilisation de lasers de derni\u00e8re g\u00e9n\u00e9ration garantit une qualit\u00e9 de d\u00e9coupe parfaite.<br \/>\nAthena effectue des traitements de surface pour compenser les irr\u00e9gularit\u00e9s et suit des processus de d\u00e9tensionnement des mat\u00e9riaux pour am\u00e9liorer l\u2019\u00e9tanch\u00e9it\u00e9 dans les zones les plus critiques.<\/p>\n<p>Pourquoi choisir ce kit de joints moteur ?<br \/>\nLes joints d\u2019Athena ont une faible absorption d\u2019humidit\u00e9, une r\u00e9sistance m\u00e9canique maximale, une r\u00e9sistance aux huiles et \u00e0 l\u2019essence, une r\u00e9sistance aux temp\u00e9ratures et aux pressions \u00e9lev\u00e9es, un retrait facile.<\/p>\n<p>Ce kit comprend tous les joints n\u00e9cessaires pour une r\u00e9vision compl\u00e8te du moteur (joints d\u2019huile non inclus).<\/p>","protected":false},"excerpt":{"rendered":"<p>Vvrp , vous propose les joints Athena , la plus large gamme de joints moteur de remplacement disponibles sur le march\u00e9, avec plus de 40 ans d\u2019exp\u00e9rience dans le domaine. Les kits de joints d\u2019Athena sont enti\u00e8rement con\u00e7us en Italie avec une solide base de savoir-faire interne. Chaque pi\u00e8ce est produite selon des param\u00e8tres stricts [&hellip;]<\/p>","protected":false},"featured_media":29316,"comment_status":"open","ping_status":"closed","template":"","meta":{"_monsterinsights_skip_tracking":false,"_monsterinsights_sitenote_active":false,"_monsterinsights_sitenote_note":"","_monsterinsights_sitenote_category":0,"ocean_post_layout":"","ocean_both_sidebars_style":"","ocean_both_sidebars_content_width":0,"ocean_both_sidebars_sidebars_width":0,"ocean_sidebar":"0","ocean_second_sidebar":"0","ocean_disable_margins":"enable","ocean_add_body_class":"","ocean_shortcode_before_top_bar":"","ocean_shortcode_after_top_bar":"","ocean_shortcode_before_header":"","ocean_shortcode_after_header":"","ocean_has_shortcode":"","ocean_shortcode_after_title":"","ocean_shortcode_before_footer_widgets":"","ocean_shortcode_after_footer_widgets":"","ocean_shortcode_before_footer_bottom":"","ocean_shortcode_after_footer_bottom":"","ocean_display_top_bar":"default","ocean_display_header":"default","ocean_header_style":"","ocean_center_header_left_menu":"0","ocean_custom_header_template":"0","ocean_custom_logo":0,"ocean_custom_retina_logo":0,"ocean_custom_logo_max_width":0,"ocean_custom_logo_tablet_max_width":0,"ocean_custom_logo_mobile_max_width":0,"ocean_custom_logo_max_height":0,"ocean_custom_logo_tablet_max_height":0,"ocean_custom_logo_mobile_max_height":0,"ocean_header_custom_menu":"0","ocean_menu_typo_font_family":"0","ocean_menu_typo_font_subset":"","ocean_menu_typo_font_size":0,"ocean_menu_typo_font_size_tablet":0,"ocean_menu_typo_font_size_mobile":0,"ocean_menu_typo_font_size_unit":"px","ocean_menu_typo_font_weight":"","ocean_menu_typo_font_weight_tablet":"","ocean_menu_typo_font_weight_mobile":"","ocean_menu_typo_transform":"","ocean_menu_typo_transform_tablet":"","ocean_menu_typo_transform_mobile":"","ocean_menu_typo_line_height":0,"ocean_menu_typo_line_height_tablet":0,"ocean_menu_typo_line_height_mobile":0,"ocean_menu_typo_line_height_unit":"","ocean_menu_typo_spacing":0,"ocean_menu_typo_spacing_tablet":0,"ocean_menu_typo_spacing_mobile":0,"ocean_menu_typo_spacing_unit":"","ocean_menu_link_color":"","ocean_menu_link_color_hover":"","ocean_menu_link_color_active":"","ocean_menu_link_background":"","ocean_menu_link_hover_background":"","ocean_menu_link_active_background":"","ocean_menu_social_links_bg":"","ocean_menu_social_hover_links_bg":"","ocean_menu_social_links_color":"","ocean_menu_social_hover_links_color":"","ocean_disable_title":"default","ocean_disable_heading":"default","ocean_post_title":"","ocean_post_subheading":"","ocean_post_title_style":"","ocean_post_title_background_color":"","ocean_post_title_background":0,"ocean_post_title_bg_image_position":"","ocean_post_title_bg_image_attachment":"","ocean_post_title_bg_image_repeat":"","ocean_post_title_bg_image_size":"","ocean_post_title_height":0,"ocean_post_title_bg_overlay":0.5,"ocean_post_title_bg_overlay_color":"","ocean_disable_breadcrumbs":"default","ocean_breadcrumbs_color":"","ocean_breadcrumbs_separator_color":"","ocean_breadcrumbs_links_color":"","ocean_breadcrumbs_links_hover_color":"","ocean_display_footer_widgets":"default","ocean_display_footer_bottom":"default","ocean_custom_footer_template":"0","_glsr_average":0,"_glsr_ranking":0,"_glsr_reviews":0},"product_brand":[],"product_cat":[21,32,31,28,33],"product_tag":[],"class_list":{"0":"post-29315","1":"product","2":"type-product","3":"status-publish","4":"has-post-thumbnail","6":"product_cat-cross","7":"product_cat-joints-et-kits-joints","8":"product_cat-moteurs","9":"product_cat-yamaha","10":"product_cat-yz","12":"entry","13":"has-media","15":"first","16":"instock","17":"taxable","18":"shipping-taxable","19":"purchasable","20":"product-type-simple","21":"has-product-nav","22":"col","23":"span_1_of_3","24":"owp-content-center","25":"owp-thumbs-layout-horizontal","26":"owp-btn-normal","27":"owp-tabs-layout-horizontal","28":"has-no-thumbnails"},"yoast_head":"<!-- This site is optimized with the Yoast SEO plugin v27.3 - https:\/\/yoast.com\/product\/yoast-seo-wordpress\/ -->\n<title>Kit de joints complet YAMAHA YZ 125 cc 1981 (joints d\u2019huile non inclus) - VVRP<\/title>\n<meta name=\"robots\" content=\"index, follow, max-snippet:-1, max-image-preview:large, max-video-preview:-1\" \/>\n<link rel=\"canonical\" href=\"https:\/\/vvrp.ch\/en\/product\/kit-de-joints-complet-yamaha-yz-125-cc-1981-joints-dhuile-non-inclus\/\" \/>\n<meta property=\"og:locale\" content=\"en_US\" \/>\n<meta property=\"og:type\" content=\"article\" \/>\n<meta property=\"og:title\" content=\"Kit de joints complet YAMAHA YZ 125 cc 1981 (joints d\u2019huile non inclus) - VVRP\" \/>\n<meta property=\"og:description\" content=\"Vvrp , vous propose les joints Athena , la plus large gamme de joints moteur de remplacement disponibles sur le march\u00e9, avec plus de 40 ans d\u2019exp\u00e9rience dans le domaine. Les kits de joints d\u2019Athena sont enti\u00e8rement con\u00e7us en Italie avec une solide base de savoir-faire interne. Chaque pi\u00e8ce est produite selon des param\u00e8tres stricts [&hellip;]\" \/>\n<meta property=\"og:url\" content=\"https:\/\/vvrp.ch\/en\/product\/kit-de-joints-complet-yamaha-yz-125-cc-1981-joints-dhuile-non-inclus\/\" \/>\n<meta property=\"og:site_name\" content=\"VVRP\" \/>\n<meta property=\"article:modified_time\" content=\"2024-05-27T19:47:41+00:00\" \/>\n<meta property=\"og:image\" content=\"https:\/\/vvrp.ch\/wp-content\/uploads\/2024\/04\/125YZ-1981.png\" \/>\n\t<meta property=\"og:image:width\" content=\"729\" \/>\n\t<meta property=\"og:image:height\" content=\"620\" \/>\n\t<meta property=\"og:image:type\" content=\"image\/png\" \/>\n<meta name=\"twitter:card\" content=\"summary_large_image\" \/>\n<meta name=\"twitter:label1\" content=\"Est. reading time\" \/>\n\t<meta name=\"twitter:data1\" content=\"1 minute\" \/>\n<script type=\"application\/ld+json\" class=\"yoast-schema-graph\">{\"@context\":\"https:\\\/\\\/schema.org\",\"@graph\":[{\"@type\":\"WebPage\",\"@id\":\"https:\\\/\\\/vvrp.ch\\\/produit\\\/kit-de-joints-complet-yamaha-yz-125-cc-1981-joints-dhuile-non-inclus\\\/\",\"url\":\"https:\\\/\\\/vvrp.ch\\\/produit\\\/kit-de-joints-complet-yamaha-yz-125-cc-1981-joints-dhuile-non-inclus\\\/\",\"name\":\"Kit de joints complet YAMAHA YZ 125 cc 1981 (joints d\u2019huile non inclus) - VVRP\",\"isPartOf\":{\"@id\":\"https:\\\/\\\/vvrp.ch\\\/#website\"},\"primaryImageOfPage\":{\"@id\":\"https:\\\/\\\/vvrp.ch\\\/produit\\\/kit-de-joints-complet-yamaha-yz-125-cc-1981-joints-dhuile-non-inclus\\\/#primaryimage\"},\"image\":{\"@id\":\"https:\\\/\\\/vvrp.ch\\\/produit\\\/kit-de-joints-complet-yamaha-yz-125-cc-1981-joints-dhuile-non-inclus\\\/#primaryimage\"},\"thumbnailUrl\":\"https:\\\/\\\/vvrp.ch\\\/wp-content\\\/uploads\\\/2024\\\/04\\\/125YZ-1981.png\",\"datePublished\":\"2024-05-21T11:48:59+00:00\",\"dateModified\":\"2024-05-27T19:47:41+00:00\",\"breadcrumb\":{\"@id\":\"https:\\\/\\\/vvrp.ch\\\/produit\\\/kit-de-joints-complet-yamaha-yz-125-cc-1981-joints-dhuile-non-inclus\\\/#breadcrumb\"},\"inLanguage\":\"en-US\",\"potentialAction\":[{\"@type\":\"ReadAction\",\"target\":[\"https:\\\/\\\/vvrp.ch\\\/produit\\\/kit-de-joints-complet-yamaha-yz-125-cc-1981-joints-dhuile-non-inclus\\\/\"]}]},{\"@type\":\"ImageObject\",\"inLanguage\":\"en-US\",\"@id\":\"https:\\\/\\\/vvrp.ch\\\/produit\\\/kit-de-joints-complet-yamaha-yz-125-cc-1981-joints-dhuile-non-inclus\\\/#primaryimage\",\"url\":\"https:\\\/\\\/vvrp.ch\\\/wp-content\\\/uploads\\\/2024\\\/04\\\/125YZ-1981.png\",\"contentUrl\":\"https:\\\/\\\/vvrp.ch\\\/wp-content\\\/uploads\\\/2024\\\/04\\\/125YZ-1981.png\",\"width\":729,\"height\":620},{\"@type\":\"BreadcrumbList\",\"@id\":\"https:\\\/\\\/vvrp.ch\\\/produit\\\/kit-de-joints-complet-yamaha-yz-125-cc-1981-joints-dhuile-non-inclus\\\/#breadcrumb\",\"itemListElement\":[{\"@type\":\"ListItem\",\"position\":1,\"name\":\"Accueil\",\"item\":\"https:\\\/\\\/vvrp.ch\\\/\"},{\"@type\":\"ListItem\",\"position\":2,\"name\":\"Tous les produits\",\"item\":\"https:\\\/\\\/vvrp.ch\\\/boutique\\\/\"},{\"@type\":\"ListItem\",\"position\":3,\"name\":\"Kit de joints complet YAMAHA YZ 125 cc 1981 (joints d\u2019huile non inclus)\"}]},{\"@type\":\"WebSite\",\"@id\":\"https:\\\/\\\/vvrp.ch\\\/#website\",\"url\":\"https:\\\/\\\/vvrp.ch\\\/\",\"name\":\"VVRP\",\"description\":\"\",\"publisher\":{\"@id\":\"https:\\\/\\\/vvrp.ch\\\/#organization\"},\"potentialAction\":[{\"@type\":\"SearchAction\",\"target\":{\"@type\":\"EntryPoint\",\"urlTemplate\":\"https:\\\/\\\/vvrp.ch\\\/?s={search_term_string}\"},\"query-input\":{\"@type\":\"PropertyValueSpecification\",\"valueRequired\":true,\"valueName\":\"search_term_string\"}}],\"inLanguage\":\"en-US\"},{\"@type\":\"Organization\",\"@id\":\"https:\\\/\\\/vvrp.ch\\\/#organization\",\"name\":\"VVRP\",\"url\":\"https:\\\/\\\/vvrp.ch\\\/\",\"logo\":{\"@type\":\"ImageObject\",\"inLanguage\":\"en-US\",\"@id\":\"https:\\\/\\\/vvrp.ch\\\/#\\\/schema\\\/logo\\\/image\\\/\",\"url\":\"https:\\\/\\\/vvrp.ch\\\/wp-content\\\/uploads\\\/2024\\\/01\\\/VVRP_Logo_Small.png\",\"contentUrl\":\"https:\\\/\\\/vvrp.ch\\\/wp-content\\\/uploads\\\/2024\\\/01\\\/VVRP_Logo_Small.png\",\"width\":193,\"height\":100,\"caption\":\"VVRP\"},\"image\":{\"@id\":\"https:\\\/\\\/vvrp.ch\\\/#\\\/schema\\\/logo\\\/image\\\/\"}}]}<\/script>\n<!-- \/ Yoast SEO plugin. -->","yoast_head_json":{"title":"Kit de joints complet YAMAHA YZ 125 cc 1981 (joints d\u2019huile non inclus) - VVRP","robots":{"index":"index","follow":"follow","max-snippet":"max-snippet:-1","max-image-preview":"max-image-preview:large","max-video-preview":"max-video-preview:-1"},"canonical":"https:\/\/vvrp.ch\/en\/product\/kit-de-joints-complet-yamaha-yz-125-cc-1981-joints-dhuile-non-inclus\/","og_locale":"en_US","og_type":"article","og_title":"Kit de joints complet YAMAHA YZ 125 cc 1981 (joints d\u2019huile non inclus) - VVRP","og_description":"Vvrp , vous propose les joints Athena , la plus large gamme de joints moteur de remplacement disponibles sur le march\u00e9, avec plus de 40 ans d\u2019exp\u00e9rience dans le domaine. Les kits de joints d\u2019Athena sont enti\u00e8rement con\u00e7us en Italie avec une solide base de savoir-faire interne. Chaque pi\u00e8ce est produite selon des param\u00e8tres stricts [&hellip;]","og_url":"https:\/\/vvrp.ch\/en\/product\/kit-de-joints-complet-yamaha-yz-125-cc-1981-joints-dhuile-non-inclus\/","og_site_name":"VVRP","article_modified_time":"2024-05-27T19:47:41+00:00","og_image":[{"width":729,"height":620,"url":"https:\/\/vvrp.ch\/wp-content\/uploads\/2024\/04\/125YZ-1981.png","type":"image\/png"}],"twitter_card":"summary_large_image","twitter_misc":{"Est. reading time":"1 minute"},"schema":{"@context":"https:\/\/schema.org","@graph":[{"@type":"WebPage","@id":"https:\/\/vvrp.ch\/produit\/kit-de-joints-complet-yamaha-yz-125-cc-1981-joints-dhuile-non-inclus\/","url":"https:\/\/vvrp.ch\/produit\/kit-de-joints-complet-yamaha-yz-125-cc-1981-joints-dhuile-non-inclus\/","name":"Kit de joints complet YAMAHA YZ 125 cc 1981 (joints d\u2019huile non inclus) - VVRP","isPartOf":{"@id":"https:\/\/vvrp.ch\/#website"},"primaryImageOfPage":{"@id":"https:\/\/vvrp.ch\/produit\/kit-de-joints-complet-yamaha-yz-125-cc-1981-joints-dhuile-non-inclus\/#primaryimage"},"image":{"@id":"https:\/\/vvrp.ch\/produit\/kit-de-joints-complet-yamaha-yz-125-cc-1981-joints-dhuile-non-inclus\/#primaryimage"},"thumbnailUrl":"https:\/\/vvrp.ch\/wp-content\/uploads\/2024\/04\/125YZ-1981.png","datePublished":"2024-05-21T11:48:59+00:00","dateModified":"2024-05-27T19:47:41+00:00","breadcrumb":{"@id":"https:\/\/vvrp.ch\/produit\/kit-de-joints-complet-yamaha-yz-125-cc-1981-joints-dhuile-non-inclus\/#breadcrumb"},"inLanguage":"en-US","potentialAction":[{"@type":"ReadAction","target":["https:\/\/vvrp.ch\/produit\/kit-de-joints-complet-yamaha-yz-125-cc-1981-joints-dhuile-non-inclus\/"]}]},{"@type":"ImageObject","inLanguage":"en-US","@id":"https:\/\/vvrp.ch\/produit\/kit-de-joints-complet-yamaha-yz-125-cc-1981-joints-dhuile-non-inclus\/#primaryimage","url":"https:\/\/vvrp.ch\/wp-content\/uploads\/2024\/04\/125YZ-1981.png","contentUrl":"https:\/\/vvrp.ch\/wp-content\/uploads\/2024\/04\/125YZ-1981.png","width":729,"height":620},{"@type":"BreadcrumbList","@id":"https:\/\/vvrp.ch\/produit\/kit-de-joints-complet-yamaha-yz-125-cc-1981-joints-dhuile-non-inclus\/#breadcrumb","itemListElement":[{"@type":"ListItem","position":1,"name":"Accueil","item":"https:\/\/vvrp.ch\/"},{"@type":"ListItem","position":2,"name":"Tous les produits","item":"https:\/\/vvrp.ch\/boutique\/"},{"@type":"ListItem","position":3,"name":"Kit de joints complet YAMAHA YZ 125 cc 1981 (joints d\u2019huile non inclus)"}]},{"@type":"WebSite","@id":"https:\/\/vvrp.ch\/#website","url":"https:\/\/vvrp.ch\/","name":"VVRP","description":"","publisher":{"@id":"https:\/\/vvrp.ch\/#organization"},"potentialAction":[{"@type":"SearchAction","target":{"@type":"EntryPoint","urlTemplate":"https:\/\/vvrp.ch\/?s={search_term_string}"},"query-input":{"@type":"PropertyValueSpecification","valueRequired":true,"valueName":"search_term_string"}}],"inLanguage":"en-US"},{"@type":"Organization","@id":"https:\/\/vvrp.ch\/#organization","name":"VVRP","url":"https:\/\/vvrp.ch\/","logo":{"@type":"ImageObject","inLanguage":"en-US","@id":"https:\/\/vvrp.ch\/#\/schema\/logo\/image\/","url":"https:\/\/vvrp.ch\/wp-content\/uploads\/2024\/01\/VVRP_Logo_Small.png","contentUrl":"https:\/\/vvrp.ch\/wp-content\/uploads\/2024\/01\/VVRP_Logo_Small.png","width":193,"height":100,"caption":"VVRP"},"image":{"@id":"https:\/\/vvrp.ch\/#\/schema\/logo\/image\/"}}]}},"_links":{"self":[{"href":"https:\/\/vvrp.ch\/en\/wp-json\/wp\/v2\/product\/29315","targetHints":{"allow":["GET"]}}],"collection":[{"href":"https:\/\/vvrp.ch\/en\/wp-json\/wp\/v2\/product"}],"about":[{"href":"https:\/\/vvrp.ch\/en\/wp-json\/wp\/v2\/types\/product"}],"replies":[{"embeddable":true,"href":"https:\/\/vvrp.ch\/en\/wp-json\/wp\/v2\/comments?post=29315"}],"version-history":[{"count":0,"href":"https:\/\/vvrp.ch\/en\/wp-json\/wp\/v2\/product\/29315\/revisions"}],"wp:featuredmedia":[{"embeddable":true,"href":"https:\/\/vvrp.ch\/en\/wp-json\/wp\/v2\/media\/29316"}],"wp:attachment":[{"href":"https:\/\/vvrp.ch\/en\/wp-json\/wp\/v2\/media?parent=29315"}],"wp:term":[{"taxonomy":"product_brand","embeddable":true,"href":"https:\/\/vvrp.ch\/en\/wp-json\/wp\/v2\/product_brand?post=29315"},{"taxonomy":"product_cat","embeddable":true,"href":"https:\/\/vvrp.ch\/en\/wp-json\/wp\/v2\/product_cat?post=29315"},{"taxonomy":"product_tag","embeddable":true,"href":"https:\/\/vvrp.ch\/en\/wp-json\/wp\/v2\/product_tag?post=29315"}],"curies":[{"name":"wp","href":"https:\/\/api.w.org\/{rel}","templated":true}]}}