{"id":29311,"date":"2024-05-21T13:48:59","date_gmt":"2024-05-21T11:48:59","guid":{"rendered":"https:\/\/vvrp.ch\/?post_type=product&#038;p=29311"},"modified":"2024-05-27T21:47:41","modified_gmt":"2024-05-27T19:47:41","slug":"kit-piston-forge-wiseco-yamaha-250-yz-1980-82-250-it-1981-83","status":"publish","type":"product","link":"https:\/\/vvrp.ch\/en\/product\/kit-piston-forge-wiseco-yamaha-250-yz-1980-82-250-it-1981-83\/","title":{"rendered":"Kit piston forg\u00e9 WISECO &#8211; YAMAHA 250 YZ 1980-82 \/ 250 IT 1981-83"},"content":{"rendered":"<p>Les\u00a0<strong>pistons forg\u00e9s<\/strong>\u00a0WISECO sont fabriqu\u00e9s aux Etats-Unis avec pr\u00e9cision, \u00e0 partir de mat\u00e9riaux de haute qualit\u00e9, pour garantir d\u00b4excellentes performances aux moteurs 2 et 4 temps.<br \/>\nWISECO offre un tr\u00e8s bon rapport qualit\u00e9 \/ prix et cherche \u00e0 optimiser le rendement moteur avec un travail abouti de conception concernant le ratio poids &#8211; r\u00e9sistance du <strong>piston<\/strong>.<\/p>\n<p>Un piston all\u00e9g\u00e9 va permettre une meilleure r\u00e9ponse \u00e0 l\u00b4acc\u00e9l\u00e9ration.<\/p>\n<p>Le kit piston comprend :<\/p>\n<ul>\n<li>Le piston<\/li>\n<li>L\u00b4axe<\/li>\n<li>Les circlips<\/li>\n<\/ul>\n<p><strong>Diam\u00e8tres disponibles:<\/strong><\/p>\n<p>70mm<\/p>\n<p>70.5mm<\/p>\n<p>71mm<\/p>\n<p>71.5mm<\/p>\n<p>&nbsp;<\/p>\n<p>WISECO est une marque reconnue pour la qualit\u00e9, la performance et la fiabilit\u00e9 de ses pi\u00e8ces moteur, comme les pistons forg\u00e9s, les cages \u00e0 aiguilles ou les cloches d\u00b4embrayage.<\/p>\n<p>&nbsp;<\/p>\n<p>Mod\u00e8les compatibles :<\/p>\n<div class=\"boxdescription\">\n<div class=\"col-sm-12 py-20\">\n<div class=\"tab-to-panels mobile\">\n<div class=\"tab-content\">\n<div class=\"tab-pane active\">\n<div>\n<div class=\"panel-body p-20\">\n<div class=\"inner\">\n<div class=\"row\">\n<div id=\"compatible\" class=\"description\">\n<div class=\"compatible-theme text-center\">Yamaha &gt; 250 IT 1981<\/div>\n<div class=\"compatible-theme text-center\">Yamaha &gt; 250 IT 1982<\/div>\n<div class=\"compatible-theme text-center\">Yamaha &gt; 250 IT 1983<\/div>\n<div class=\"compatible-theme text-center\">Yamaha &gt; 250 YZ 1980<\/div>\n<div class=\"compatible-theme text-center\">Yamaha &gt; 250 YZ 1981<\/div>\n<div class=\"compatible-theme text-center\">Yamaha &gt; 250 YZ 1982<\/div>\n<\/div>\n<\/div>\n<\/div>\n<\/div>\n<\/div>\n<\/div>\n<\/div>\n<\/div>\n<\/div>\n<\/div>\n<div class=\"col-sm-12 py-20\">\n<div class=\"boxtabs\">\n<div class=\"tab-to-panels\">\n<p>&nbsp;<\/p>\n<\/div>\n<\/div>\n<\/div>","protected":false},"excerpt":{"rendered":"<p>Les\u00a0pistons forg\u00e9s\u00a0WISECO sont fabriqu\u00e9s aux Etats-Unis avec pr\u00e9cision, \u00e0 partir de mat\u00e9riaux de haute qualit\u00e9, pour garantir d\u00b4excellentes performances aux moteurs 2 et 4 temps. WISECO offre un tr\u00e8s bon rapport qualit\u00e9 \/ prix et cherche \u00e0 optimiser le rendement moteur avec un travail abouti de conception concernant le ratio poids &#8211; r\u00e9sistance du piston. [&hellip;]<\/p>","protected":false},"featured_media":29312,"comment_status":"open","ping_status":"closed","template":"","meta":{"_monsterinsights_skip_tracking":false,"_monsterinsights_sitenote_active":false,"_monsterinsights_sitenote_note":"","_monsterinsights_sitenote_category":0,"ocean_post_layout":"","ocean_both_sidebars_style":"","ocean_both_sidebars_content_width":0,"ocean_both_sidebars_sidebars_width":0,"ocean_sidebar":"0","ocean_second_sidebar":"0","ocean_disable_margins":"enable","ocean_add_body_class":"","ocean_shortcode_before_top_bar":"","ocean_shortcode_after_top_bar":"","ocean_shortcode_before_header":"","ocean_shortcode_after_header":"","ocean_has_shortcode":"","ocean_shortcode_after_title":"","ocean_shortcode_before_footer_widgets":"","ocean_shortcode_after_footer_widgets":"","ocean_shortcode_before_footer_bottom":"","ocean_shortcode_after_footer_bottom":"","ocean_display_top_bar":"default","ocean_display_header":"default","ocean_header_style":"","ocean_center_header_left_menu":"0","ocean_custom_header_template":"0","ocean_custom_logo":0,"ocean_custom_retina_logo":0,"ocean_custom_logo_max_width":0,"ocean_custom_logo_tablet_max_width":0,"ocean_custom_logo_mobile_max_width":0,"ocean_custom_logo_max_height":0,"ocean_custom_logo_tablet_max_height":0,"ocean_custom_logo_mobile_max_height":0,"ocean_header_custom_menu":"0","ocean_menu_typo_font_family":"0","ocean_menu_typo_font_subset":"","ocean_menu_typo_font_size":0,"ocean_menu_typo_font_size_tablet":0,"ocean_menu_typo_font_size_mobile":0,"ocean_menu_typo_font_size_unit":"px","ocean_menu_typo_font_weight":"","ocean_menu_typo_font_weight_tablet":"","ocean_menu_typo_font_weight_mobile":"","ocean_menu_typo_transform":"","ocean_menu_typo_transform_tablet":"","ocean_menu_typo_transform_mobile":"","ocean_menu_typo_line_height":0,"ocean_menu_typo_line_height_tablet":0,"ocean_menu_typo_line_height_mobile":0,"ocean_menu_typo_line_height_unit":"","ocean_menu_typo_spacing":0,"ocean_menu_typo_spacing_tablet":0,"ocean_menu_typo_spacing_mobile":0,"ocean_menu_typo_spacing_unit":"","ocean_menu_link_color":"","ocean_menu_link_color_hover":"","ocean_menu_link_color_active":"","ocean_menu_link_background":"","ocean_menu_link_hover_background":"","ocean_menu_link_active_background":"","ocean_menu_social_links_bg":"","ocean_menu_social_hover_links_bg":"","ocean_menu_social_links_color":"","ocean_menu_social_hover_links_color":"","ocean_disable_title":"default","ocean_disable_heading":"default","ocean_post_title":"","ocean_post_subheading":"","ocean_post_title_style":"","ocean_post_title_background_color":"","ocean_post_title_background":0,"ocean_post_title_bg_image_position":"","ocean_post_title_bg_image_attachment":"","ocean_post_title_bg_image_repeat":"","ocean_post_title_bg_image_size":"","ocean_post_title_height":0,"ocean_post_title_bg_overlay":0.5,"ocean_post_title_bg_overlay_color":"","ocean_disable_breadcrumbs":"default","ocean_breadcrumbs_color":"","ocean_breadcrumbs_separator_color":"","ocean_breadcrumbs_links_color":"","ocean_breadcrumbs_links_hover_color":"","ocean_display_footer_widgets":"default","ocean_display_footer_bottom":"default","ocean_custom_footer_template":"0","_glsr_average":0,"_glsr_ranking":0,"_glsr_reviews":0},"product_brand":[],"product_cat":[21,34,31,28,33],"product_tag":[],"class_list":{"0":"post-29311","1":"product","2":"type-product","3":"status-publish","4":"has-post-thumbnail","6":"product_cat-cross","7":"product_cat-it","8":"product_cat-moteurs","9":"product_cat-yamaha","10":"product_cat-yz","12":"entry","13":"has-media","15":"first","16":"instock","17":"sale","18":"taxable","19":"shipping-taxable","20":"purchasable","21":"product-type-simple","22":"has-product-nav","23":"col","24":"span_1_of_3","25":"owp-content-center","26":"owp-thumbs-layout-horizontal","27":"owp-btn-normal","28":"owp-tabs-layout-horizontal","29":"has-no-thumbnails"},"yoast_head":"<!-- This site is optimized with the Yoast SEO plugin v27.3 - https:\/\/yoast.com\/product\/yoast-seo-wordpress\/ -->\n<title>Kit piston forg\u00e9 WISECO - YAMAHA 250 YZ 1980-82 \/ 250 IT 1981-83 - VVRP<\/title>\n<meta name=\"robots\" content=\"index, follow, max-snippet:-1, max-image-preview:large, max-video-preview:-1\" \/>\n<link rel=\"canonical\" href=\"https:\/\/vvrp.ch\/en\/product\/kit-piston-forge-wiseco-yamaha-250-yz-1980-82-250-it-1981-83\/\" \/>\n<meta property=\"og:locale\" content=\"en_US\" \/>\n<meta property=\"og:type\" content=\"article\" \/>\n<meta property=\"og:title\" content=\"Kit piston forg\u00e9 WISECO - YAMAHA 250 YZ 1980-82 \/ 250 IT 1981-83 - VVRP\" \/>\n<meta property=\"og:description\" content=\"Les\u00a0pistons forg\u00e9s\u00a0WISECO sont fabriqu\u00e9s aux Etats-Unis avec pr\u00e9cision, \u00e0 partir de mat\u00e9riaux de haute qualit\u00e9, pour garantir d\u00b4excellentes performances aux moteurs 2 et 4 temps. WISECO offre un tr\u00e8s bon rapport qualit\u00e9 \/ prix et cherche \u00e0 optimiser le rendement moteur avec un travail abouti de conception concernant le ratio poids &#8211; r\u00e9sistance du piston. [&hellip;]\" \/>\n<meta property=\"og:url\" content=\"https:\/\/vvrp.ch\/en\/product\/kit-piston-forge-wiseco-yamaha-250-yz-1980-82-250-it-1981-83\/\" \/>\n<meta property=\"og:site_name\" content=\"VVRP\" \/>\n<meta property=\"article:modified_time\" content=\"2024-05-27T19:47:41+00:00\" \/>\n<meta property=\"og:image\" content=\"https:\/\/vvrp.ch\/wp-content\/uploads\/2024\/04\/Piston-Wiseco.png\" \/>\n\t<meta property=\"og:image:width\" content=\"628\" \/>\n\t<meta property=\"og:image:height\" content=\"627\" \/>\n\t<meta property=\"og:image:type\" content=\"image\/png\" \/>\n<meta name=\"twitter:card\" content=\"summary_large_image\" \/>\n<meta name=\"twitter:label1\" content=\"Est. reading time\" \/>\n\t<meta name=\"twitter:data1\" content=\"1 minute\" \/>\n<script type=\"application\/ld+json\" class=\"yoast-schema-graph\">{\"@context\":\"https:\\\/\\\/schema.org\",\"@graph\":[{\"@type\":\"WebPage\",\"@id\":\"https:\\\/\\\/vvrp.ch\\\/produit\\\/kit-piston-forge-wiseco-yamaha-250-yz-1980-82-250-it-1981-83\\\/\",\"url\":\"https:\\\/\\\/vvrp.ch\\\/produit\\\/kit-piston-forge-wiseco-yamaha-250-yz-1980-82-250-it-1981-83\\\/\",\"name\":\"Kit piston forg\u00e9 WISECO - YAMAHA 250 YZ 1980-82 \\\/ 250 IT 1981-83 - VVRP\",\"isPartOf\":{\"@id\":\"https:\\\/\\\/vvrp.ch\\\/#website\"},\"primaryImageOfPage\":{\"@id\":\"https:\\\/\\\/vvrp.ch\\\/produit\\\/kit-piston-forge-wiseco-yamaha-250-yz-1980-82-250-it-1981-83\\\/#primaryimage\"},\"image\":{\"@id\":\"https:\\\/\\\/vvrp.ch\\\/produit\\\/kit-piston-forge-wiseco-yamaha-250-yz-1980-82-250-it-1981-83\\\/#primaryimage\"},\"thumbnailUrl\":\"https:\\\/\\\/vvrp.ch\\\/wp-content\\\/uploads\\\/2024\\\/04\\\/Piston-Wiseco.png\",\"datePublished\":\"2024-05-21T11:48:59+00:00\",\"dateModified\":\"2024-05-27T19:47:41+00:00\",\"breadcrumb\":{\"@id\":\"https:\\\/\\\/vvrp.ch\\\/produit\\\/kit-piston-forge-wiseco-yamaha-250-yz-1980-82-250-it-1981-83\\\/#breadcrumb\"},\"inLanguage\":\"en-US\",\"potentialAction\":[{\"@type\":\"ReadAction\",\"target\":[\"https:\\\/\\\/vvrp.ch\\\/produit\\\/kit-piston-forge-wiseco-yamaha-250-yz-1980-82-250-it-1981-83\\\/\"]}]},{\"@type\":\"ImageObject\",\"inLanguage\":\"en-US\",\"@id\":\"https:\\\/\\\/vvrp.ch\\\/produit\\\/kit-piston-forge-wiseco-yamaha-250-yz-1980-82-250-it-1981-83\\\/#primaryimage\",\"url\":\"https:\\\/\\\/vvrp.ch\\\/wp-content\\\/uploads\\\/2024\\\/04\\\/Piston-Wiseco.png\",\"contentUrl\":\"https:\\\/\\\/vvrp.ch\\\/wp-content\\\/uploads\\\/2024\\\/04\\\/Piston-Wiseco.png\",\"width\":628,\"height\":627},{\"@type\":\"BreadcrumbList\",\"@id\":\"https:\\\/\\\/vvrp.ch\\\/produit\\\/kit-piston-forge-wiseco-yamaha-250-yz-1980-82-250-it-1981-83\\\/#breadcrumb\",\"itemListElement\":[{\"@type\":\"ListItem\",\"position\":1,\"name\":\"Accueil\",\"item\":\"https:\\\/\\\/vvrp.ch\\\/\"},{\"@type\":\"ListItem\",\"position\":2,\"name\":\"Tous les produits\",\"item\":\"https:\\\/\\\/vvrp.ch\\\/boutique\\\/\"},{\"@type\":\"ListItem\",\"position\":3,\"name\":\"Kit piston forg\u00e9 WISECO &#8211; YAMAHA 250 YZ 1980-82 \\\/ 250 IT 1981-83\"}]},{\"@type\":\"WebSite\",\"@id\":\"https:\\\/\\\/vvrp.ch\\\/#website\",\"url\":\"https:\\\/\\\/vvrp.ch\\\/\",\"name\":\"VVRP\",\"description\":\"\",\"publisher\":{\"@id\":\"https:\\\/\\\/vvrp.ch\\\/#organization\"},\"potentialAction\":[{\"@type\":\"SearchAction\",\"target\":{\"@type\":\"EntryPoint\",\"urlTemplate\":\"https:\\\/\\\/vvrp.ch\\\/?s={search_term_string}\"},\"query-input\":{\"@type\":\"PropertyValueSpecification\",\"valueRequired\":true,\"valueName\":\"search_term_string\"}}],\"inLanguage\":\"en-US\"},{\"@type\":\"Organization\",\"@id\":\"https:\\\/\\\/vvrp.ch\\\/#organization\",\"name\":\"VVRP\",\"url\":\"https:\\\/\\\/vvrp.ch\\\/\",\"logo\":{\"@type\":\"ImageObject\",\"inLanguage\":\"en-US\",\"@id\":\"https:\\\/\\\/vvrp.ch\\\/#\\\/schema\\\/logo\\\/image\\\/\",\"url\":\"https:\\\/\\\/vvrp.ch\\\/wp-content\\\/uploads\\\/2024\\\/01\\\/VVRP_Logo_Small.png\",\"contentUrl\":\"https:\\\/\\\/vvrp.ch\\\/wp-content\\\/uploads\\\/2024\\\/01\\\/VVRP_Logo_Small.png\",\"width\":193,\"height\":100,\"caption\":\"VVRP\"},\"image\":{\"@id\":\"https:\\\/\\\/vvrp.ch\\\/#\\\/schema\\\/logo\\\/image\\\/\"}}]}<\/script>\n<!-- \/ Yoast SEO plugin. -->","yoast_head_json":{"title":"Kit piston forg\u00e9 WISECO - YAMAHA 250 YZ 1980-82 \/ 250 IT 1981-83 - VVRP","robots":{"index":"index","follow":"follow","max-snippet":"max-snippet:-1","max-image-preview":"max-image-preview:large","max-video-preview":"max-video-preview:-1"},"canonical":"https:\/\/vvrp.ch\/en\/product\/kit-piston-forge-wiseco-yamaha-250-yz-1980-82-250-it-1981-83\/","og_locale":"en_US","og_type":"article","og_title":"Kit piston forg\u00e9 WISECO - YAMAHA 250 YZ 1980-82 \/ 250 IT 1981-83 - VVRP","og_description":"Les\u00a0pistons forg\u00e9s\u00a0WISECO sont fabriqu\u00e9s aux Etats-Unis avec pr\u00e9cision, \u00e0 partir de mat\u00e9riaux de haute qualit\u00e9, pour garantir d\u00b4excellentes performances aux moteurs 2 et 4 temps. WISECO offre un tr\u00e8s bon rapport qualit\u00e9 \/ prix et cherche \u00e0 optimiser le rendement moteur avec un travail abouti de conception concernant le ratio poids &#8211; r\u00e9sistance du piston. [&hellip;]","og_url":"https:\/\/vvrp.ch\/en\/product\/kit-piston-forge-wiseco-yamaha-250-yz-1980-82-250-it-1981-83\/","og_site_name":"VVRP","article_modified_time":"2024-05-27T19:47:41+00:00","og_image":[{"width":628,"height":627,"url":"https:\/\/vvrp.ch\/wp-content\/uploads\/2024\/04\/Piston-Wiseco.png","type":"image\/png"}],"twitter_card":"summary_large_image","twitter_misc":{"Est. reading time":"1 minute"},"schema":{"@context":"https:\/\/schema.org","@graph":[{"@type":"WebPage","@id":"https:\/\/vvrp.ch\/produit\/kit-piston-forge-wiseco-yamaha-250-yz-1980-82-250-it-1981-83\/","url":"https:\/\/vvrp.ch\/produit\/kit-piston-forge-wiseco-yamaha-250-yz-1980-82-250-it-1981-83\/","name":"Kit piston forg\u00e9 WISECO - YAMAHA 250 YZ 1980-82 \/ 250 IT 1981-83 - VVRP","isPartOf":{"@id":"https:\/\/vvrp.ch\/#website"},"primaryImageOfPage":{"@id":"https:\/\/vvrp.ch\/produit\/kit-piston-forge-wiseco-yamaha-250-yz-1980-82-250-it-1981-83\/#primaryimage"},"image":{"@id":"https:\/\/vvrp.ch\/produit\/kit-piston-forge-wiseco-yamaha-250-yz-1980-82-250-it-1981-83\/#primaryimage"},"thumbnailUrl":"https:\/\/vvrp.ch\/wp-content\/uploads\/2024\/04\/Piston-Wiseco.png","datePublished":"2024-05-21T11:48:59+00:00","dateModified":"2024-05-27T19:47:41+00:00","breadcrumb":{"@id":"https:\/\/vvrp.ch\/produit\/kit-piston-forge-wiseco-yamaha-250-yz-1980-82-250-it-1981-83\/#breadcrumb"},"inLanguage":"en-US","potentialAction":[{"@type":"ReadAction","target":["https:\/\/vvrp.ch\/produit\/kit-piston-forge-wiseco-yamaha-250-yz-1980-82-250-it-1981-83\/"]}]},{"@type":"ImageObject","inLanguage":"en-US","@id":"https:\/\/vvrp.ch\/produit\/kit-piston-forge-wiseco-yamaha-250-yz-1980-82-250-it-1981-83\/#primaryimage","url":"https:\/\/vvrp.ch\/wp-content\/uploads\/2024\/04\/Piston-Wiseco.png","contentUrl":"https:\/\/vvrp.ch\/wp-content\/uploads\/2024\/04\/Piston-Wiseco.png","width":628,"height":627},{"@type":"BreadcrumbList","@id":"https:\/\/vvrp.ch\/produit\/kit-piston-forge-wiseco-yamaha-250-yz-1980-82-250-it-1981-83\/#breadcrumb","itemListElement":[{"@type":"ListItem","position":1,"name":"Accueil","item":"https:\/\/vvrp.ch\/"},{"@type":"ListItem","position":2,"name":"Tous les produits","item":"https:\/\/vvrp.ch\/boutique\/"},{"@type":"ListItem","position":3,"name":"Kit piston forg\u00e9 WISECO &#8211; YAMAHA 250 YZ 1980-82 \/ 250 IT 1981-83"}]},{"@type":"WebSite","@id":"https:\/\/vvrp.ch\/#website","url":"https:\/\/vvrp.ch\/","name":"VVRP","description":"","publisher":{"@id":"https:\/\/vvrp.ch\/#organization"},"potentialAction":[{"@type":"SearchAction","target":{"@type":"EntryPoint","urlTemplate":"https:\/\/vvrp.ch\/?s={search_term_string}"},"query-input":{"@type":"PropertyValueSpecification","valueRequired":true,"valueName":"search_term_string"}}],"inLanguage":"en-US"},{"@type":"Organization","@id":"https:\/\/vvrp.ch\/#organization","name":"VVRP","url":"https:\/\/vvrp.ch\/","logo":{"@type":"ImageObject","inLanguage":"en-US","@id":"https:\/\/vvrp.ch\/#\/schema\/logo\/image\/","url":"https:\/\/vvrp.ch\/wp-content\/uploads\/2024\/01\/VVRP_Logo_Small.png","contentUrl":"https:\/\/vvrp.ch\/wp-content\/uploads\/2024\/01\/VVRP_Logo_Small.png","width":193,"height":100,"caption":"VVRP"},"image":{"@id":"https:\/\/vvrp.ch\/#\/schema\/logo\/image\/"}}]}},"_links":{"self":[{"href":"https:\/\/vvrp.ch\/en\/wp-json\/wp\/v2\/product\/29311","targetHints":{"allow":["GET"]}}],"collection":[{"href":"https:\/\/vvrp.ch\/en\/wp-json\/wp\/v2\/product"}],"about":[{"href":"https:\/\/vvrp.ch\/en\/wp-json\/wp\/v2\/types\/product"}],"replies":[{"embeddable":true,"href":"https:\/\/vvrp.ch\/en\/wp-json\/wp\/v2\/comments?post=29311"}],"version-history":[{"count":0,"href":"https:\/\/vvrp.ch\/en\/wp-json\/wp\/v2\/product\/29311\/revisions"}],"wp:featuredmedia":[{"embeddable":true,"href":"https:\/\/vvrp.ch\/en\/wp-json\/wp\/v2\/media\/29312"}],"wp:attachment":[{"href":"https:\/\/vvrp.ch\/en\/wp-json\/wp\/v2\/media?parent=29311"}],"wp:term":[{"taxonomy":"product_brand","embeddable":true,"href":"https:\/\/vvrp.ch\/en\/wp-json\/wp\/v2\/product_brand?post=29311"},{"taxonomy":"product_cat","embeddable":true,"href":"https:\/\/vvrp.ch\/en\/wp-json\/wp\/v2\/product_cat?post=29311"},{"taxonomy":"product_tag","embeddable":true,"href":"https:\/\/vvrp.ch\/en\/wp-json\/wp\/v2\/product_tag?post=29311"}],"curies":[{"name":"wp","href":"https:\/\/api.w.org\/{rel}","templated":true}]}}